{"id":513,"date":"2022-09-26T20:29:25","date_gmt":"2022-09-26T20:29:25","guid":{"rendered":"https:\/\/avvocato.vamtam.com\/?page_id=513"},"modified":"2026-02-16T22:23:50","modified_gmt":"2026-02-16T22:23:50","slug":"inversion-extranjera","status":"publish","type":"page","link":"https:\/\/legalspotsv.com\/en\/areas-de-practica\/inversion-extranjera\/","title":{"rendered":"Foreign Investment"},"content":{"rendered":"<div data-elementor-type=\"wp-page\" data-elementor-id=\"513\" class=\"elementor elementor-513\" data-elementor-post-type=\"page\">\n\t\t\t\t\t\t<section class=\"elementor-section elementor-top-section elementor-element elementor-element-15624db elementor-section-full_width elementor-section-height-default elementor-section-height-default\" data-id=\"15624db\" data-element_type=\"section\" data-e-type=\"section\">\n\t\t\t\t\t\t<div class=\"elementor-container elementor-column-gap-no\">\n\t\t\t\t\t<div class=\"elementor-column elementor-col-100 elementor-top-column elementor-element elementor-element-3f142ed5\" data-id=\"3f142ed5\" data-element_type=\"column\" data-e-type=\"column\">\n\t\t\t<div class=\"elementor-widget-wrap elementor-element-populated\">\n\t\t\t\t\t\t<div class=\"elementor-element elementor-element-16a499e3 elementor-widget elementor-widget-heading\" data-id=\"16a499e3\" data-element_type=\"widget\" data-e-type=\"widget\" data-widget_type=\"heading.default\">\n\t\t\t\t<div class=\"elementor-widget-container\">\n\t\t\t\t\t<h2 class=\"elementor-heading-title elementor-size-default\">\nForeign Investment in El Salvador | Specialized Legal Advisory<\/h2>\t\t\t\t<\/div>\n\t\t\t\t<\/div>\n\t\t\t\t<div class=\"elementor-element elementor-element-5da2d92 elementor-widget elementor-widget-text-editor\" data-id=\"5da2d92\" data-element_type=\"widget\" data-e-type=\"widget\" data-widget_type=\"text-editor.default\">\n\t\t\t\t<div class=\"elementor-widget-container\">\n\t\t\t\t\t\t\t\t\t<p data-path-to-node=\"4\" class=\"translation-block\">El Salvador has transformed into a strategic destination for global capital. Thanks to a series of disruptive reforms and an unprecedented economic openness policy, the country today offers unique competitive advantages in the region. At <b data-path-to-node=\"4\" data-index-in-node=\"244\">Legal Spot<\/b>, we provide the legal protection necessary for international investors to establish and expand their operations with full security and regulatory compliance.<\/p>\t\t\t\t\t\t\t\t<\/div>\n\t\t\t\t<\/div>\n\t\t\t\t<div class=\"elementor-element elementor-element-66ee8ab elementor-widget elementor-widget-heading\" data-id=\"66ee8ab\" data-element_type=\"widget\" data-e-type=\"widget\" data-widget_type=\"heading.default\">\n\t\t\t\t<div class=\"elementor-widget-container\">\n\t\t\t\t\t<h3 class=\"elementor-heading-title elementor-size-default\">A New Paradigm for the Global Investor<\/h3>\t\t\t\t<\/div>\n\t\t\t\t<\/div>\n\t\t\t\t<div class=\"elementor-element elementor-element-25ded5d elementor-widget elementor-widget-text-editor\" data-id=\"25ded5d\" data-element_type=\"widget\" data-e-type=\"widget\" data-widget_type=\"text-editor.default\">\n\t\t\t\t<div class=\"elementor-widget-container\">\n\t\t\t\t\t\t\t\t\t<p data-path-to-node=\"6\">Investing in El Salvador requires a deep knowledge not only of traditional laws, but also of the new cutting-edge legislation. Our firm specializes in navigating this constantly evolving legal ecosystem, ensuring that your capital is protected by international treaties and local investment promotion laws.<\/p>\n<h4 data-path-to-node=\"7\">1. Investment Law: Guarantees and Protection<\/h4>\n<p data-path-to-node=\"8\" class=\"translation-block\">The <b data-path-to-node=\"8\" data-index-in-node=\"3\">Investment Law of El Salvador<\/b> is the cornerstone for foreign capital. At Legal Spot, we structure your entry into the country ensuring that you benefit from the fundamental principles:<\/p>\n<ul data-path-to-node=\"9\">\n<li>\n<p data-path-to-node=\"9,0,0\" class=\"translation-block\"><b data-path-to-node=\"9,0,0\" data-index-in-node=\"0\">National Treatment:<\/b> We ensure that your investment receives the same treatment as that of a local investor.<\/p>\n<\/li>\n<li>\n<p data-path-to-node=\"9,1,0\" class=\"translation-block\"><b data-path-to-node=\"9,1,0\" data-index-in-node=\"0\">Free Transferability:<\/b> We advise on the management of profit remittances and capital repatriation without restrictions.<\/p>\n<\/li>\n<li>\n<p data-path-to-node=\"9,2,0\" class=\"translation-block\"><b data-path-to-node=\"9,2,0\" data-index-in-node=\"0\">Legal Security:<\/b> We apply protection mechanisms against arbitrary changes in the rules of the game.<\/p>\n<\/li>\n<\/ul>\n<h4 data-path-to-node=\"10\">2. Digital Assets and Technology Hub (Bitcoin Law)<\/h4>\n<p data-path-to-node=\"11\" class=\"translation-block\">El Salvador is a world pioneer in the adoption of digital assets. If your company belongs to the Fintech or crypto sector, our team is an expert in the <b data-path-to-node=\"11\" data-index-in-node=\"152\">Digital Assets Issuance Law<\/b> and the <b data-path-to-node=\"11\" data-index-in-node=\"193\">Bitcoin Law<\/b>.<\/p>\n<ul data-path-to-node=\"12\">\n<li>\n<p data-path-to-node=\"12,0,0\" class=\"translation-block\">Obtaining licenses before the <b data-path-to-node=\"12,0,0\" data-index-in-node=\"31\">National Commission of Digital Assets<\/b>.<\/p>\n<\/li>\n<li>\n<p data-path-to-node=\"12,1,0\">Structuring legal framework for digital asset service providers (PSAD).<\/p>\n<\/li>\n<li>\n<p data-path-to-node=\"12,2,0\">Advisory on tax exemptions for technology and innovation projects.<\/p>\n<\/li>\n<\/ul>\n<h4 data-path-to-node=\"13\">3. Tax Incentives: Free Trade Zones and Technology Parks<\/h4>\n<p data-path-to-node=\"14\">For manufacturing, services and logistics companies, El Salvador offers special regimes that can reduce your tax burden to zero.<\/p>\n<ul data-path-to-node=\"15\">\n<li>\n<p data-path-to-node=\"15,0,0\" class=\"translation-block\"><b data-path-to-node=\"15,0,0\" data-index-in-node=\"0\">Industrial and Commercial Free Trade Zones Law:<\/b> Benefits management for export companies.<\/p>\n<\/li>\n<li>\n<p data-path-to-node=\"15,1,0\" class=\"translation-block\"><b data-path-to-node=\"15,1,0\" data-index-in-node=\"0\">International Services Law:<\/b> Ideal for BPOs, call centers and software development.<\/p>\n<\/li>\n<li>\n<p data-path-to-node=\"15,2,0\" class=\"translation-block\"><b data-path-to-node=\"15,2,0\" data-index-in-node=\"0\">DPA (Active Processing Deposits):<\/b> Optimization of temporary imports for processing.<\/p>\n<\/li>\n<\/ul>\t\t\t\t\t\t\t\t<\/div>\n\t\t\t\t<\/div>\n\t\t\t\t<div class=\"elementor-element elementor-element-6c194a3 elementor-widget elementor-widget-heading\" data-id=\"6c194a3\" data-element_type=\"widget\" data-e-type=\"widget\" data-widget_type=\"heading.default\">\n\t\t\t\t<div class=\"elementor-widget-container\">\n\t\t\t\t\t<h3 class=\"elementor-heading-title elementor-size-default\">Our Comprehensive Support Process<\/h3>\t\t\t\t<\/div>\n\t\t\t\t<\/div>\n\t\t\t\t<div class=\"elementor-element elementor-element-dbd18f5 elementor-widget elementor-widget-text-editor\" data-id=\"dbd18f5\" data-element_type=\"widget\" data-e-type=\"widget\" data-widget_type=\"text-editor.default\">\n\t\t\t\t<div class=\"elementor-widget-container\">\n\t\t\t\t\t\t\t\t\t<p data-path-to-node=\"17\" class=\"translation-block\">We understand that the foreign investor is not only looking for a lawyer, but for an ally who understands the local bureaucracy. That is why at <b data-path-to-node=\"17\" data-index-in-node=\"131\">Legal Spot<\/b> we have designed a workflow that minimizes establishment timelines:<\/p>\n<h5 data-path-to-node=\"18\">Business Establishment and Commercial Registration<\/h5>\n<p data-path-to-node=\"19\" class=\"translation-block\">We manage your legal entity formation on an accelerated basis, coordinating with the <b data-path-to-node=\"19\" data-index-in-node=\"76\">Ministry of Economy<\/b> and the <b data-path-to-node=\"19\" data-index-in-node=\"104\">National Registry Center (CNR)<\/b> so that your company is operational in the shortest time possible.<\/p>\n<h5 data-path-to-node=\"20\">International Tax Planning<\/h5>\n<p data-path-to-node=\"21\">We design structures that optimize the tax relationship between your home country and El Salvador, leveraging double taxation avoidance treaties and current local exemptions.<\/p>\n<h5 data-path-to-node=\"22\">Management of Permits and Special Authorizations<\/h5>\n<p data-path-to-node=\"23\">From environmental permits to operating authorizations before municipalities and specific ministries. We handle the administrative management so that you can focus on your business strategy.<\/p>\t\t\t\t\t\t\t\t<\/div>\n\t\t\t\t<\/div>\n\t\t\t\t<div class=\"elementor-element elementor-element-7efa410 elementor-widget elementor-widget-heading\" data-id=\"7efa410\" data-element_type=\"widget\" data-e-type=\"widget\" data-widget_type=\"heading.default\">\n\t\t\t\t<div class=\"elementor-widget-container\">\n\t\t\t\t\t<h3 class=\"elementor-heading-title elementor-size-default\">Why Invest in El Salvador with Legal Spot?<\/h3>\t\t\t\t<\/div>\n\t\t\t\t<\/div>\n\t\t\t\t<div class=\"elementor-element elementor-element-1c017dc elementor-widget elementor-widget-text-editor\" data-id=\"1c017dc\" data-element_type=\"widget\" data-e-type=\"widget\" data-widget_type=\"text-editor.default\">\n\t\t\t\t<div class=\"elementor-widget-container\">\n\t\t\t\t\t\t\t\t\t<p data-path-to-node=\"25\" class=\"translation-block\">Our firm not only knows the law; we know the terrain. The competitive advantage of <b data-path-to-node=\"25\" data-index-in-node=\"85\">Legal Spot<\/b> lies in our ability to connect investors with the real opportunities of El Salvador, under a framework of absolute ethics and transparency.<\/p>\n<p data-path-to-node=\"26\">We have a bilingual team capable of translating the complexity of Salvadoran law into clear business terms for international boards of directors. Whether your interest lies in renewable energy, the luxury real estate sector or the digital economy, our advisory services will allow you to take advantage of the momentum that El Salvador is experiencing, with the peace of mind of having top-tier legal support.<\/p>\t\t\t\t\t\t\t\t<\/div>\n\t\t\t\t<\/div>\n\t\t\t\t<section class=\"elementor-section elementor-inner-section elementor-element elementor-element-100fa942 elementor-section-boxed elementor-section-height-default elementor-section-height-default\" data-id=\"100fa942\" data-element_type=\"section\" data-e-type=\"section\" data-settings=\"{&quot;background_background&quot;:&quot;classic&quot;}\">\n\t\t\t\t\t\t<div class=\"elementor-container elementor-column-gap-no\">\n\t\t\t\t\t<div class=\"elementor-column elementor-col-100 elementor-inner-column elementor-element elementor-element-ad93681\" data-id=\"ad93681\" data-element_type=\"column\" data-e-type=\"column\">\n\t\t\t<div class=\"elementor-widget-wrap elementor-element-populated\">\n\t\t\t\t\t\t<div class=\"elementor-element elementor-element-276513c5 elementor-view-default elementor-widget elementor-widget-icon\" data-id=\"276513c5\" data-element_type=\"widget\" data-e-type=\"widget\" data-widget_type=\"icon.default\">\n\t\t\t\t<div class=\"elementor-widget-container\">\n\t\t\t\t\t\t\t<div class=\"elementor-icon-wrapper\">\n\t\t\t<div class=\"elementor-icon\">\n\t\t\t<i aria-hidden=\"true\" class=\"vamtamtheme- vamtam-theme-quote-start\"><\/i>\t\t\t<\/div>\n\t\t<\/div>\n\t\t\t\t\t\t<\/div>\n\t\t\t\t<\/div>\n\t\t\t\t<div class=\"elementor-element elementor-element-78f39355 elementor-widget elementor-widget-text-editor\" data-id=\"78f39355\" data-element_type=\"widget\" data-e-type=\"widget\" data-widget_type=\"text-editor.default\">\n\t\t\t\t<div class=\"elementor-widget-container\">\n\t\t\t\t\t\t\t\t\t<p>Representation of a creditor in a refinancing of more than $125,000,000 in various credit lines for a multinational manufacturer with assets in multiple countries.<\/p>\t\t\t\t\t\t\t\t<\/div>\n\t\t\t\t<\/div>\n\t\t\t\t<div class=\"elementor-element elementor-element-31f8dc5c elementor-widget-divider--view-line elementor-widget elementor-widget-divider\" data-id=\"31f8dc5c\" data-element_type=\"widget\" data-e-type=\"widget\" data-widget_type=\"divider.default\">\n\t\t\t\t<div class=\"elementor-widget-container\">\n\t\t\t\t\t\t\t<div class=\"elementor-divider\">\n\t\t\t<span class=\"elementor-divider-separator\">\n\t\t\t\t\t\t<\/span>\n\t\t<\/div>\n\t\t\t\t\t\t<\/div>\n\t\t\t\t<\/div>\n\t\t\t\t<div class=\"elementor-element elementor-element-705a0519 elementor-widget__width-auto elementor-widget elementor-widget-heading\" data-id=\"705a0519\" data-element_type=\"widget\" data-e-type=\"widget\" data-widget_type=\"heading.default\">\n\t\t\t\t<div class=\"elementor-widget-container\">\n\t\t\t\t\t<span class=\"elementor-heading-title elementor-size-default\">Banking and Insolvency Services \u2014 Legal Spot<\/span>\t\t\t\t<\/div>\n\t\t\t\t<\/div>\n\t\t\t\t<div class=\"vamtam-has-theme-widget-styles elementor-element elementor-element-6638c97d elementor-widget__width-auto vamtam-has-underline-anim elementor-widget elementor-widget-button\" data-id=\"6638c97d\" data-element_type=\"widget\" data-e-type=\"widget\" data-widget_type=\"button.default\">\n\t\t\t\t<div class=\"elementor-widget-container\">\n\t\t\t\t\t\t\t\t\t<div class=\"elementor-button-wrapper\">\n\t\t\t\t\t<a class=\"elementor-button elementor-button-link elementor-size-md\" href=\"\/en\/contact\/\">\n\t\t\t\t\t\t<span class=\"elementor-button-content-wrapper\">\n\t\t\t\t\t\t<span class=\"elementor-button-icon\">\n\t\t\t\t<i aria-hidden=\"true\" class=\"vamtamtheme- vamtam-theme-icon-arrow-right-top\"><\/i>\t\t\t<\/span>\n\t\t\t\t\t\t\t\t\t<span class=\"elementor-button-text\">Schedule an Appointment<\/span>\n\t\t\t\t\t<\/span>\n\t\t\t\t\t<\/a>\n\t\t\t\t<\/div>\n\t\t\t\t\t\t\t\t<\/div>\n\t\t\t\t<\/div>\n\t\t\t\t\t<\/div>\n\t\t<\/div>\n\t\t\t\t\t<\/div>\n\t\t<\/section>\n\t\t\t\t\t<\/div>\n\t\t<\/div>\n\t\t\t\t\t<\/div>\n\t\t<\/section>\n\t\t\t\t<section class=\"elementor-section elementor-top-section elementor-element elementor-element-4d70251c elementor-section-full_width elementor-section-content-top elementor-section-height-default elementor-section-height-default\" data-id=\"4d70251c\" data-element_type=\"section\" data-e-type=\"section\">\n\t\t\t\t\t\t<div class=\"elementor-container elementor-column-gap-default\">\n\t\t\t\t\t<div class=\"elementor-column elementor-col-100 elementor-top-column elementor-element elementor-element-2811fc73\" data-id=\"2811fc73\" data-element_type=\"column\" data-e-type=\"column\">\n\t\t\t<div class=\"elementor-widget-wrap\">\n\t\t\t\t\t\t\t<\/div>\n\t\t<\/div>\n\t\t\t\t\t<\/div>\n\t\t<\/section>\n\t\t\t\t<\/div>","protected":false},"excerpt":{"rendered":"<p>Inversi\u00f3n Extranjera en El Salvador | Asesor\u00eda Legal Especializada El Salvador se ha transformado en un destino estrat\u00e9gico para el capital global. Gracias a una serie de reformas disruptivas y una pol\u00edtica de apertura econ\u00f3mica sin precedentes, el pa\u00eds ofrece hoy ventajas competitivas \u00fanicas en la regi\u00f3n. En Legal Spot, proporcionamos el blindaje jur\u00eddico necesario&#8230;<\/p>","protected":false},"author":1,"featured_media":8406,"parent":145,"menu_order":0,"comment_status":"closed","ping_status":"closed","template":"","meta":{"footnotes":""},"class_list":["post-513","page","type-page","status-publish","has-post-thumbnail","hentry"],"_links":{"self":[{"href":"https:\/\/legalspotsv.com\/en\/wp-json\/wp\/v2\/pages\/513","targetHints":{"allow":["GET"]}}],"collection":[{"href":"https:\/\/legalspotsv.com\/en\/wp-json\/wp\/v2\/pages"}],"about":[{"href":"https:\/\/legalspotsv.com\/en\/wp-json\/wp\/v2\/types\/page"}],"author":[{"embeddable":true,"href":"https:\/\/legalspotsv.com\/en\/wp-json\/wp\/v2\/users\/1"}],"replies":[{"embeddable":true,"href":"https:\/\/legalspotsv.com\/en\/wp-json\/wp\/v2\/comments?post=513"}],"version-history":[{"count":27,"href":"https:\/\/legalspotsv.com\/en\/wp-json\/wp\/v2\/pages\/513\/revisions"}],"predecessor-version":[{"id":988508,"href":"https:\/\/legalspotsv.com\/en\/wp-json\/wp\/v2\/pages\/513\/revisions\/988508"}],"up":[{"embeddable":true,"href":"https:\/\/legalspotsv.com\/en\/wp-json\/wp\/v2\/pages\/145"}],"wp:featuredmedia":[{"embeddable":true,"href":"https:\/\/legalspotsv.com\/en\/wp-json\/wp\/v2\/media\/8406"}],"wp:attachment":[{"href":"https:\/\/legalspotsv.com\/en\/wp-json\/wp\/v2\/media?parent=513"}],"curies":[{"name":"wp","href":"https:\/\/api.w.org\/{rel}","templated":true}]}}